{"id":991,"date":"2025-01-25T02:42:03","date_gmt":"2025-01-25T01:42:03","guid":{"rendered":"https:\/\/www.karate-stade.de\/?page_id=991"},"modified":"2025-01-25T03:11:31","modified_gmt":"2025-01-25T02:11:31","slug":"aktiv-fit-im-dojo-karateschule-agathenburg-stade","status":"publish","type":"page","link":"https:\/\/www.karate-stade.de\/?page_id=991","title":{"rendered":"Aktiv Fit"},"content":{"rendered":"\t\t<div data-elementor-type=\"wp-page\" data-elementor-id=\"991\" class=\"elementor elementor-991\" data-elementor-post-type=\"page\">\n\t\t\t\t<div class=\"elementor-element elementor-element-bc2fc49 e-flex e-con-boxed e-con e-parent\" data-id=\"bc2fc49\" data-element_type=\"container\">\n\t\t\t\t\t<div class=\"e-con-inner\">\n\t\t<div class=\"elementor-element elementor-element-e6e58e9 e-con-full e-flex e-con e-child\" data-id=\"e6e58e9\" data-element_type=\"container\">\n\t\t\t\t<div class=\"elementor-element elementor-element-c9a907f elementor-widget elementor-widget-image\" data-id=\"c9a907f\" data-element_type=\"widget\" data-widget_type=\"image.default\">\n\t\t\t\t<div class=\"elementor-widget-container\">\n\t\t\t\t\t\t\t\t\t\t\t\t\t\t\t<img fetchpriority=\"high\" decoding=\"async\" width=\"368\" height=\"272\" src=\"https:\/\/www.karate-stade.de\/wp-content\/uploads\/2025\/01\/latest-news2-1.jpg\" class=\"attachment-large size-large wp-image-543\" alt=\"\" srcset=\"https:\/\/www.karate-stade.de\/wp-content\/uploads\/2025\/01\/latest-news2-1.jpg 368w, https:\/\/www.karate-stade.de\/wp-content\/uploads\/2025\/01\/latest-news2-1-300x222.jpg 300w\" sizes=\"(max-width: 368px) 100vw, 368px\" \/>\t\t\t\t\t\t\t\t\t\t\t\t\t\t\t<\/div>\n\t\t\t\t<\/div>\n\t\t\t\t<\/div>\n\t\t<div class=\"elementor-element elementor-element-5ff52e0 e-con-full e-flex e-con e-child\" data-id=\"5ff52e0\" data-element_type=\"container\">\n\t\t\t\t<div class=\"elementor-element elementor-element-40daf8b elementor-widget elementor-widget-image\" data-id=\"40daf8b\" data-element_type=\"widget\" data-widget_type=\"image.default\">\n\t\t\t\t<div class=\"elementor-widget-container\">\n\t\t\t\t\t\t\t\t\t\t\t\t\t\t\t<img decoding=\"async\" width=\"364\" height=\"279\" src=\"https:\/\/www.karate-stade.de\/wp-content\/uploads\/2025\/01\/latest-news3-1.jpg\" class=\"attachment-large size-large wp-image-545\" alt=\"\" srcset=\"https:\/\/www.karate-stade.de\/wp-content\/uploads\/2025\/01\/latest-news3-1.jpg 364w, https:\/\/www.karate-stade.de\/wp-content\/uploads\/2025\/01\/latest-news3-1-300x230.jpg 300w\" sizes=\"(max-width: 364px) 100vw, 364px\" \/>\t\t\t\t\t\t\t\t\t\t\t\t\t\t\t<\/div>\n\t\t\t\t<\/div>\n\t\t\t\t<\/div>\n\t\t<div class=\"elementor-element elementor-element-4596d1f e-con-full e-flex e-con e-child\" data-id=\"4596d1f\" data-element_type=\"container\">\n\t\t\t\t<\/div>\n\t\t\t\t\t<\/div>\n\t\t\t\t<\/div>\n\t\t<div class=\"elementor-element elementor-element-e6c18c7 e-flex e-con-boxed e-con e-parent\" data-id=\"e6c18c7\" data-element_type=\"container\">\n\t\t\t\t\t<div class=\"e-con-inner\">\n\t\t\t\t<div class=\"elementor-element elementor-element-16f09d4 elementor-widget elementor-widget-text-editor\" data-id=\"16f09d4\" data-element_type=\"widget\" data-widget_type=\"text-editor.default\">\n\t\t\t\t<div class=\"elementor-widget-container\">\n\t\t\t\t\t\t\t\t\t<h3>Fitness und Gesundheit: Training mit Fitnessger\u00e4ten f\u00fcr ein aktives Leben<\/h3><p>Fitness ist ein wesentlicher Bestandteil eines gesunden Lebensstils. Dabei spielen sowohl traditionelle Fitnessger\u00e4te als auch innovative Trainingsmethoden eine wichtige Rolle, um Kraft, Ausdauer und Vitalit\u00e4t zu steigern. In diesem Beitrag werfen wir einen Blick auf einige zentrale Trainingsger\u00e4te und ihre Vorteile sowie auf die Bedeutung von Training in Einrichtungen wie dem Dojo der Karateschule Agathenburg.<\/p><hr \/><h3>Effektives Training mit Fitnessger\u00e4ten<\/h3><p>Fitnessger\u00e4te bieten eine gro\u00dfe Auswahl an Trainingsm\u00f6glichkeiten, die auf unterschiedliche K\u00f6rperbereiche und Fitnessziele abgestimmt sind. Hier sind einige der beliebtesten Ger\u00e4te und ihre Vorteile:<\/p><ul><li><strong>Rudermaschine<\/strong>: Dieses Ger\u00e4t ist ideal f\u00fcr ein Ganzk\u00f6rpertraining. Es verbessert nicht nur die Ausdauer, sondern st\u00e4rkt auch die R\u00fccken- und Beinmuskulatur.<\/li><li><strong>Bankdr\u00fccken<\/strong>: Eines der klassischsten Ger\u00e4te f\u00fcr Krafttraining. Bankdr\u00fccken fokussiert sich auf Brust, Schultern und Trizeps und ist perfekt, um Muskelmasse aufzubauen.<\/li><li><strong>Medizinb\u00e4lle<\/strong>: Diese vielseitigen Trainingshilfen sind ideal f\u00fcr funktionales Training und k\u00f6nnen in verschiedensten \u00dcbungen eingesetzt werden, um die Koordination und Kernmuskulatur zu st\u00e4rken.<\/li><li><strong>Matten und Boden\u00fcbungen<\/strong>: Matten sind die Grundlage f\u00fcr zahlreiche Fitness- und Dehn\u00fcbungen. Sie bieten Komfort und Schutz f\u00fcr Gelenke und sorgen f\u00fcr eine sichere Trainingsumgebung.<\/li><\/ul><hr \/><h3>Training im Dojo der Karateschule Agathenburg<\/h3><p>Die Karateschule Agathenburg bietet eine ideale Umgebung f\u00fcr alle, die ihre Fitness und Gesundheit verbessern m\u00f6chten. Hier wird nicht nur Kampfkunst unterrichtet, sondern auch ein breites Spektrum an Trainingseinheiten angeboten, die den K\u00f6rper ganzheitlich fordern.<\/p><h4>Vorteile des Trainings im Dojo:<\/h4><ul><li><strong>Individuelles Coaching<\/strong>: Im Dojo werden Trainingspl\u00e4ne individuell an die Bed\u00fcrfnisse der Teilnehmer angepasst.<\/li><li><strong>Ganzheitliches Training<\/strong>: Neben Karate werden auch funktionale Trainingseinheiten angeboten, die Ger\u00e4te wie Medizinb\u00e4lle und Matten einbeziehen.<\/li><li><strong>Gemeinschaft<\/strong>: Das Training in der Gruppe sorgt f\u00fcr Motivation und Spa\u00df.<\/li><\/ul><hr \/><h3>Gesundheit und Vitalit\u00e4t durch regelm\u00e4\u00dfiges Training<\/h3><p>Regelm\u00e4\u00dfiges Training wirkt sich nicht nur positiv auf die physische Gesundheit aus, sondern auch auf das mentale Wohlbefinden. Studien zeigen, dass Bewegung Stress reduziert, die Konzentration f\u00f6rdert und die allgemeine Lebensqualit\u00e4t verbessert.<\/p><h4>Tipps f\u00fcr den Einstieg:<\/h4><ol><li><strong>Setze dir realistische Ziele<\/strong>: Kleine, erreichbare Ziele sorgen f\u00fcr langfristige Motivation.<\/li><li><strong>Variet\u00e4t im Training<\/strong>: Kombiniere verschiedene Ger\u00e4te und Methoden, um Abwechslung und Fortschritt zu garantieren.<\/li><li><strong>H\u00f6re auf deinen K\u00f6rper<\/strong>: Pausen und Regeneration sind genauso wichtig wie das Training selbst.<\/li><\/ol><hr \/><h3>Fazit<\/h3><p>Egal, ob du an einer Rudermaschine deine Ausdauer trainierst, beim Bankdr\u00fccken deine Kraft steigerst oder im Dojo der Karateschule Agathenburg an deiner Technik arbeitest \u2013 der Weg zu mehr Gesundheit und Vitalit\u00e4t beginnt mit dem ersten Schritt. Nutze die Vielfalt an Fitnessger\u00e4ten und Trainingsmethoden, um deine pers\u00f6nlichen Ziele zu erreichen und ein aktives Leben zu f\u00fchren. Dein K\u00f6rper und Geist werden es dir danken!<\/p>\t\t\t\t\t\t\t\t<\/div>\n\t\t\t\t<\/div>\n\t\t\t\t\t<\/div>\n\t\t\t\t<\/div>\n\t\t\t\t<\/div>\n\t\t","protected":false},"excerpt":{"rendered":"<p>Fitness und Gesundheit: Training mit Fitnessger\u00e4ten f\u00fcr ein aktives Leben Fitness ist ein wesentlicher Bestandteil eines gesunden Lebensstils. Dabei spielen sowohl traditionelle Fitnessger\u00e4te als auch innovative Trainingsmethoden eine wichtige Rolle, um Kraft, Ausdauer und Vitalit\u00e4t zu steigern. In diesem Beitrag werfen wir einen Blick auf einige zentrale Trainingsger\u00e4te und ihre Vorteile sowie auf die Bedeutung [&hellip;]<\/p>\n","protected":false},"author":1,"featured_media":0,"parent":0,"menu_order":0,"comment_status":"closed","ping_status":"closed","template":"elementor_header_footer","meta":{"footnotes":""},"class_list":["post-991","page","type-page","status-publish","hentry"],"yoast_head":"<!-- This site is optimized with the Yoast SEO plugin v24.3 - https:\/\/yoast.com\/wordpress\/plugins\/seo\/ -->\n<title>Aktiv Fit - Karateschule Agathenburg Stade<\/title>\n<meta name=\"description\" content=\"Fitness und Gesundheit: Training mit Fitnessger\u00e4ten f\u00fcr ein aktives Leben in unserem eigenem Dojo der Karateschule Agathenburg.\" \/>\n<meta name=\"robots\" content=\"index, follow, max-snippet:-1, max-image-preview:large, max-video-preview:-1\" \/>\n<link rel=\"canonical\" href=\"https:\/\/www.karate-stade.de\/?page_id=991\" \/>\n<meta property=\"og:locale\" content=\"de_DE\" \/>\n<meta property=\"og:type\" content=\"article\" \/>\n<meta property=\"og:title\" content=\"Aktiv Fit - Karateschule Agathenburg Stade\" \/>\n<meta property=\"og:description\" content=\"Fitness und Gesundheit: Training mit Fitnessger\u00e4ten f\u00fcr ein aktives Leben in unserem eigenem Dojo der Karateschule Agathenburg.\" \/>\n<meta property=\"og:url\" content=\"https:\/\/www.karate-stade.de\/?page_id=991\" \/>\n<meta property=\"og:site_name\" content=\"Karateschule Agathenburg Stade\" \/>\n<meta property=\"article:modified_time\" content=\"2025-01-25T02:11:31+00:00\" \/>\n<meta property=\"og:image\" content=\"https:\/\/www.karate-stade.de\/wp-content\/uploads\/2025\/01\/latest-news2-1.jpg\" \/>\n<meta name=\"twitter:card\" content=\"summary_large_image\" \/>\n<meta name=\"twitter:label1\" content=\"Gesch\u00e4tzte Lesezeit\" \/>\n\t<meta name=\"twitter:data1\" content=\"3\u00a0Minuten\" \/>\n<script type=\"application\/ld+json\" class=\"yoast-schema-graph\">{\"@context\":\"https:\/\/schema.org\",\"@graph\":[{\"@type\":\"WebPage\",\"@id\":\"https:\/\/www.karate-stade.de\/?page_id=991\",\"url\":\"https:\/\/www.karate-stade.de\/?page_id=991\",\"name\":\"Aktiv Fit - Karateschule Agathenburg Stade\",\"isPartOf\":{\"@id\":\"https:\/\/www.karate-stade.de\/#website\"},\"primaryImageOfPage\":{\"@id\":\"https:\/\/www.karate-stade.de\/?page_id=991#primaryimage\"},\"image\":{\"@id\":\"https:\/\/www.karate-stade.de\/?page_id=991#primaryimage\"},\"thumbnailUrl\":\"https:\/\/www.karate-stade.de\/wp-content\/uploads\/2025\/01\/latest-news2-1.jpg\",\"datePublished\":\"2025-01-25T01:42:03+00:00\",\"dateModified\":\"2025-01-25T02:11:31+00:00\",\"description\":\"Fitness und Gesundheit: Training mit Fitnessger\u00e4ten f\u00fcr ein aktives Leben in unserem eigenem Dojo der Karateschule Agathenburg.\",\"breadcrumb\":{\"@id\":\"https:\/\/www.karate-stade.de\/?page_id=991#breadcrumb\"},\"inLanguage\":\"de\",\"potentialAction\":[{\"@type\":\"ReadAction\",\"target\":[\"https:\/\/www.karate-stade.de\/?page_id=991\"]}]},{\"@type\":\"ImageObject\",\"inLanguage\":\"de\",\"@id\":\"https:\/\/www.karate-stade.de\/?page_id=991#primaryimage\",\"url\":\"https:\/\/www.karate-stade.de\/wp-content\/uploads\/2025\/01\/latest-news2-1.jpg\",\"contentUrl\":\"https:\/\/www.karate-stade.de\/wp-content\/uploads\/2025\/01\/latest-news2-1.jpg\",\"width\":368,\"height\":272},{\"@type\":\"BreadcrumbList\",\"@id\":\"https:\/\/www.karate-stade.de\/?page_id=991#breadcrumb\",\"itemListElement\":[{\"@type\":\"ListItem\",\"position\":1,\"name\":\"Startseite\",\"item\":\"https:\/\/www.karate-stade.de\/\"},{\"@type\":\"ListItem\",\"position\":2,\"name\":\"Aktiv Fit\"}]},{\"@type\":\"WebSite\",\"@id\":\"https:\/\/www.karate-stade.de\/#website\",\"url\":\"https:\/\/www.karate-stade.de\/\",\"name\":\"Karateschule Agathenburg Stade\",\"description\":\"Seit \u00fcber 23 Jahren international erfolgreich aktiv\",\"publisher\":{\"@id\":\"https:\/\/www.karate-stade.de\/#organization\"},\"potentialAction\":[{\"@type\":\"SearchAction\",\"target\":{\"@type\":\"EntryPoint\",\"urlTemplate\":\"https:\/\/www.karate-stade.de\/?s={search_term_string}\"},\"query-input\":{\"@type\":\"PropertyValueSpecification\",\"valueRequired\":true,\"valueName\":\"search_term_string\"}}],\"inLanguage\":\"de\"},{\"@type\":\"Organization\",\"@id\":\"https:\/\/www.karate-stade.de\/#organization\",\"name\":\"Karateschule Agathenburg Stade\",\"url\":\"https:\/\/www.karate-stade.de\/\",\"logo\":{\"@type\":\"ImageObject\",\"inLanguage\":\"de\",\"@id\":\"https:\/\/www.karate-stade.de\/#\/schema\/logo\/image\/\",\"url\":\"https:\/\/www.karate-stade.de\/wp-content\/uploads\/2025\/01\/IMG-20230412-WA0000.jpg\",\"contentUrl\":\"https:\/\/www.karate-stade.de\/wp-content\/uploads\/2025\/01\/IMG-20230412-WA0000.jpg\",\"width\":1200,\"height\":1600,\"caption\":\"Karateschule Agathenburg Stade\"},\"image\":{\"@id\":\"https:\/\/www.karate-stade.de\/#\/schema\/logo\/image\/\"}}]}<\/script>\n<!-- \/ Yoast SEO plugin. -->","yoast_head_json":{"title":"Aktiv Fit - Karateschule Agathenburg Stade","description":"Fitness und Gesundheit: Training mit Fitnessger\u00e4ten f\u00fcr ein aktives Leben in unserem eigenem Dojo der Karateschule Agathenburg.","robots":{"index":"index","follow":"follow","max-snippet":"max-snippet:-1","max-image-preview":"max-image-preview:large","max-video-preview":"max-video-preview:-1"},"canonical":"https:\/\/www.karate-stade.de\/?page_id=991","og_locale":"de_DE","og_type":"article","og_title":"Aktiv Fit - Karateschule Agathenburg Stade","og_description":"Fitness und Gesundheit: Training mit Fitnessger\u00e4ten f\u00fcr ein aktives Leben in unserem eigenem Dojo der Karateschule Agathenburg.","og_url":"https:\/\/www.karate-stade.de\/?page_id=991","og_site_name":"Karateschule Agathenburg Stade","article_modified_time":"2025-01-25T02:11:31+00:00","og_image":[{"url":"https:\/\/www.karate-stade.de\/wp-content\/uploads\/2025\/01\/latest-news2-1.jpg","type":"","width":"","height":""}],"twitter_card":"summary_large_image","twitter_misc":{"Gesch\u00e4tzte Lesezeit":"3\u00a0Minuten"},"schema":{"@context":"https:\/\/schema.org","@graph":[{"@type":"WebPage","@id":"https:\/\/www.karate-stade.de\/?page_id=991","url":"https:\/\/www.karate-stade.de\/?page_id=991","name":"Aktiv Fit - Karateschule Agathenburg Stade","isPartOf":{"@id":"https:\/\/www.karate-stade.de\/#website"},"primaryImageOfPage":{"@id":"https:\/\/www.karate-stade.de\/?page_id=991#primaryimage"},"image":{"@id":"https:\/\/www.karate-stade.de\/?page_id=991#primaryimage"},"thumbnailUrl":"https:\/\/www.karate-stade.de\/wp-content\/uploads\/2025\/01\/latest-news2-1.jpg","datePublished":"2025-01-25T01:42:03+00:00","dateModified":"2025-01-25T02:11:31+00:00","description":"Fitness und Gesundheit: Training mit Fitnessger\u00e4ten f\u00fcr ein aktives Leben in unserem eigenem Dojo der Karateschule Agathenburg.","breadcrumb":{"@id":"https:\/\/www.karate-stade.de\/?page_id=991#breadcrumb"},"inLanguage":"de","potentialAction":[{"@type":"ReadAction","target":["https:\/\/www.karate-stade.de\/?page_id=991"]}]},{"@type":"ImageObject","inLanguage":"de","@id":"https:\/\/www.karate-stade.de\/?page_id=991#primaryimage","url":"https:\/\/www.karate-stade.de\/wp-content\/uploads\/2025\/01\/latest-news2-1.jpg","contentUrl":"https:\/\/www.karate-stade.de\/wp-content\/uploads\/2025\/01\/latest-news2-1.jpg","width":368,"height":272},{"@type":"BreadcrumbList","@id":"https:\/\/www.karate-stade.de\/?page_id=991#breadcrumb","itemListElement":[{"@type":"ListItem","position":1,"name":"Startseite","item":"https:\/\/www.karate-stade.de\/"},{"@type":"ListItem","position":2,"name":"Aktiv Fit"}]},{"@type":"WebSite","@id":"https:\/\/www.karate-stade.de\/#website","url":"https:\/\/www.karate-stade.de\/","name":"Karateschule Agathenburg Stade","description":"Seit \u00fcber 23 Jahren international erfolgreich aktiv","publisher":{"@id":"https:\/\/www.karate-stade.de\/#organization"},"potentialAction":[{"@type":"SearchAction","target":{"@type":"EntryPoint","urlTemplate":"https:\/\/www.karate-stade.de\/?s={search_term_string}"},"query-input":{"@type":"PropertyValueSpecification","valueRequired":true,"valueName":"search_term_string"}}],"inLanguage":"de"},{"@type":"Organization","@id":"https:\/\/www.karate-stade.de\/#organization","name":"Karateschule Agathenburg Stade","url":"https:\/\/www.karate-stade.de\/","logo":{"@type":"ImageObject","inLanguage":"de","@id":"https:\/\/www.karate-stade.de\/#\/schema\/logo\/image\/","url":"https:\/\/www.karate-stade.de\/wp-content\/uploads\/2025\/01\/IMG-20230412-WA0000.jpg","contentUrl":"https:\/\/www.karate-stade.de\/wp-content\/uploads\/2025\/01\/IMG-20230412-WA0000.jpg","width":1200,"height":1600,"caption":"Karateschule Agathenburg Stade"},"image":{"@id":"https:\/\/www.karate-stade.de\/#\/schema\/logo\/image\/"}}]}},"_links":{"self":[{"href":"https:\/\/www.karate-stade.de\/index.php?rest_route=\/wp\/v2\/pages\/991","targetHints":{"allow":["GET"]}}],"collection":[{"href":"https:\/\/www.karate-stade.de\/index.php?rest_route=\/wp\/v2\/pages"}],"about":[{"href":"https:\/\/www.karate-stade.de\/index.php?rest_route=\/wp\/v2\/types\/page"}],"author":[{"embeddable":true,"href":"https:\/\/www.karate-stade.de\/index.php?rest_route=\/wp\/v2\/users\/1"}],"replies":[{"embeddable":true,"href":"https:\/\/www.karate-stade.de\/index.php?rest_route=%2Fwp%2Fv2%2Fcomments&post=991"}],"version-history":[{"count":5,"href":"https:\/\/www.karate-stade.de\/index.php?rest_route=\/wp\/v2\/pages\/991\/revisions"}],"predecessor-version":[{"id":1014,"href":"https:\/\/www.karate-stade.de\/index.php?rest_route=\/wp\/v2\/pages\/991\/revisions\/1014"}],"wp:attachment":[{"href":"https:\/\/www.karate-stade.de\/index.php?rest_route=%2Fwp%2Fv2%2Fmedia&parent=991"}],"curies":[{"name":"wp","href":"https:\/\/api.w.org\/{rel}","templated":true}]}}