{"id":257,"date":"2025-01-13T03:02:53","date_gmt":"2025-01-13T02:02:53","guid":{"rendered":"https:\/\/www.karate-stade.de\/?page_id=257"},"modified":"2025-01-25T03:20:42","modified_gmt":"2025-01-25T02:20:42","slug":"budoschule-karateschule-agathenburg-stade","status":"publish","type":"page","link":"https:\/\/www.karate-stade.de\/?page_id=257","title":{"rendered":"Budoschule"},"content":{"rendered":"\t\t<div data-elementor-type=\"wp-page\" data-elementor-id=\"257\" class=\"elementor elementor-257\" data-elementor-post-type=\"page\">\n\t\t\t\t<div class=\"elementor-element elementor-element-22c540ee e-flex e-con-boxed e-con e-parent\" data-id=\"22c540ee\" data-element_type=\"container\">\n\t\t\t\t\t<div class=\"e-con-inner\">\n\t\t\t\t<div class=\"elementor-element elementor-element-2a91c8a7 elementor-widget elementor-widget-text-editor\" data-id=\"2a91c8a7\" data-element_type=\"widget\" data-widget_type=\"text-editor.default\">\n\t\t\t\t<div class=\"elementor-widget-container\">\n\t\t\t\t\t\t\t\t\t<p style=\"text-align: left;\"><img fetchpriority=\"high\" decoding=\"async\" class=\"size-medium wp-image-810 alignright\" src=\"https:\/\/www.karate-stade.de\/wp-content\/uploads\/2025\/01\/IMG-20230412-WA0000-225x300.jpg\" alt=\"\" width=\"225\" height=\"300\" srcset=\"https:\/\/www.karate-stade.de\/wp-content\/uploads\/2025\/01\/IMG-20230412-WA0000-225x300.jpg 225w, https:\/\/www.karate-stade.de\/wp-content\/uploads\/2025\/01\/IMG-20230412-WA0000-768x1024.jpg 768w, https:\/\/www.karate-stade.de\/wp-content\/uploads\/2025\/01\/IMG-20230412-WA0000-1152x1536.jpg 1152w, https:\/\/www.karate-stade.de\/wp-content\/uploads\/2025\/01\/IMG-20230412-WA0000.jpg 1200w\" sizes=\"(max-width: 225px) 100vw, 225px\" \/><span style=\"color: #000000;\">Die Karateschule Agathenburg Stade ist als Verein &#8222;Seishin Shintai Kyokai Kampfkunstdojo Stade e.V.&#8220; unter VR 685 im Vereinsregister des Amtsgerichts Tostedt eingetragen. Die Satzung wurde am 12.10.2002 errichtet. Zweck des Vereins ist die Organisation, Entwicklung, F\u00f6rderung, Verbreitung, Qualit\u00e4tssicherung, Konzeptionisierung, sowie eine nationale und internationale Vernetzung des Budo und Seishin Shintai Ryu Ai Do in Deutschland. Das T\u00e4tigkeitsfeld erstreckt sich von der Unterrichtung, Unterst\u00fctzung und Beratung von Sch\u00fclern, Trainern und Lehrern die Karatedo praktizieren, die Aus- und Fortbildung von \u00dcbungsleiter, Trainer und Lehrer f\u00fcr Karatedo, sowie die Durchf\u00fchrung von Budo Veranstaltungen in der Bundesrepublik Deutschland. Eines der Hauptthemen sind Gewaltpr\u00e4ventionsma\u00dfnahmen f\u00fcr Kinder und Jugendliche, sowie die Behinderten Integration in die Kampfk\u00fcnste. Der Verein ist angeschlossen an den deutschen Kampfkunstverband Bushido Shin Renmei e.V. mit Sitz im Bundesland Bayern.<\/span><\/p><p style=\"text-align: left;\"><span style=\"color: #000000;\"><strong>Vereinsleitung<\/strong><\/span><\/p><p style=\"text-align: left;\"><span style=\"color: #000000;\">Unser Vorstand vertritt strategisch\u00a0gerichtlich und au\u00dfergerichtlich\u00a0unseren Verein und stellt weiterhin die gesamte operative Leitung unserer Organisation dar.<\/span><\/p><p style=\"text-align: left;\"><span style=\"color: #000000;\">Er setzt sich wie folgt zusammen.<\/span><\/p><p style=\"text-align: left;\"><span style=\"color: #000000;\"><strong>Der Vorstand der Karateschule Agathenburg Stade<\/strong><\/span><\/p><p style=\"text-align: left;\"><span style=\"color: #000000;\">1.Vorsitzender &#8211; Norman Goly<\/span><\/p><p style=\"text-align: left;\"><span style=\"color: #000000;\">2.Vorsitzender &#8211; Marc P\u00f6nisch<\/span><\/p><p style=\"text-align: left;\"><span style=\"color: #000000;\">Kassenwart &#8211; Tanja Goly<\/span><\/p><p style=\"text-align: left;\"><span style=\"color: #000000;\">Kinder und Jugendwart &#8211;\u00a0Sabine Ehlers<\/span><\/p><p style=\"text-align: left;\"><span style=\"color: #000000;\">Vertretung und Sprecher Kinder- und Jugendliche &#8211;\u00a0Even Joel Goly<\/span><\/p>\t\t\t\t\t\t\t\t<\/div>\n\t\t\t\t<\/div>\n\t\t\t\t\t<\/div>\n\t\t\t\t<\/div>\n\t\t<div class=\"elementor-element elementor-element-679f196 e-flex e-con-boxed e-con e-parent\" data-id=\"679f196\" data-element_type=\"container\">\n\t\t\t\t\t<div class=\"e-con-inner\">\n\t\t\t\t<div class=\"elementor-element elementor-element-baa961f elementor-widget elementor-widget-text-editor\" data-id=\"baa961f\" data-element_type=\"widget\" data-widget_type=\"text-editor.default\">\n\t\t\t\t<div class=\"elementor-widget-container\">\n\t\t\t\t\t\t\t\t\t<p>Lorem ipsum dolor sit amet, consectetur adipiscing elit. Ut elit tellus, luctus nec ullamcorper mattis, pulvinar dapibus leo.<\/p>\t\t\t\t\t\t\t\t<\/div>\n\t\t\t\t<\/div>\n\t\t\t\t\t<\/div>\n\t\t\t\t<\/div>\n\t\t\t\t<\/div>\n\t\t","protected":false},"excerpt":{"rendered":"<p>Die Karateschule Agathenburg Stade ist als Verein &#8222;Seishin Shintai Kyokai Kampfkunstdojo Stade e.V.&#8220; unter VR 685 im Vereinsregister des Amtsgerichts Tostedt eingetragen. Die Satzung wurde am 12.10.2002 errichtet. Zweck des Vereins ist die Organisation, Entwicklung, F\u00f6rderung, Verbreitung, Qualit\u00e4tssicherung, Konzeptionisierung, sowie eine nationale und internationale Vernetzung des Budo und Seishin Shintai Ryu Ai Do in Deutschland. [&hellip;]<\/p>\n","protected":false},"author":1,"featured_media":0,"parent":0,"menu_order":1,"comment_status":"closed","ping_status":"closed","template":"elementor_header_footer","meta":{"footnotes":""},"class_list":["post-257","page","type-page","status-publish","hentry"],"yoast_head":"<!-- This site is optimized with the Yoast SEO plugin v24.3 - https:\/\/yoast.com\/wordpress\/plugins\/seo\/ -->\n<title>Budoschule - Karateschule Agathenburg Stade<\/title>\n<meta name=\"description\" content=\"Die Karateschule Agathenburg Stade ist als Verein \u201eSeishin Shintai Kyokai Kampfkunstdojo Stade e.V.\u201c unter VR 685 im Vereinsregister des Amtsgerichts Tostedt eingetragen. Die Satzung wurde am 12.10.2002 errichtet. Zweck des Vereins ist die Organisation, Entwicklung, F\u00f6rderung, Verbreitung, Qualit\u00e4tssicherung, Konzeptionisierung, sowie eine nationale und internationale Vernetzung des Budo und Seishin Shintai Ryu Ai Do in Deutschland.\" \/>\n<meta name=\"robots\" content=\"index, follow, max-snippet:-1, max-image-preview:large, max-video-preview:-1\" \/>\n<link rel=\"canonical\" href=\"https:\/\/www.karate-stade.de\/?page_id=257\" \/>\n<meta property=\"og:locale\" content=\"de_DE\" \/>\n<meta property=\"og:type\" content=\"article\" \/>\n<meta property=\"og:title\" content=\"Budoschule - Karateschule Agathenburg Stade\" \/>\n<meta property=\"og:description\" content=\"Die Karateschule Agathenburg Stade ist als Verein \u201eSeishin Shintai Kyokai Kampfkunstdojo Stade e.V.\u201c unter VR 685 im Vereinsregister des Amtsgerichts Tostedt eingetragen. Die Satzung wurde am 12.10.2002 errichtet. Zweck des Vereins ist die Organisation, Entwicklung, F\u00f6rderung, Verbreitung, Qualit\u00e4tssicherung, Konzeptionisierung, sowie eine nationale und internationale Vernetzung des Budo und Seishin Shintai Ryu Ai Do in Deutschland.\" \/>\n<meta property=\"og:url\" content=\"https:\/\/www.karate-stade.de\/?page_id=257\" \/>\n<meta property=\"og:site_name\" content=\"Karateschule Agathenburg Stade\" \/>\n<meta property=\"article:modified_time\" content=\"2025-01-25T02:20:42+00:00\" \/>\n<meta property=\"og:image\" content=\"https:\/\/www.karate-stade.de\/wp-content\/uploads\/2025\/01\/IMG-20230412-WA0000-225x300.jpg\" \/>\n<meta name=\"twitter:card\" content=\"summary_large_image\" \/>\n<meta name=\"twitter:label1\" content=\"Gesch\u00e4tzte Lesezeit\" \/>\n\t<meta name=\"twitter:data1\" content=\"2\u00a0Minuten\" \/>\n<script type=\"application\/ld+json\" class=\"yoast-schema-graph\">{\"@context\":\"https:\/\/schema.org\",\"@graph\":[{\"@type\":\"WebPage\",\"@id\":\"https:\/\/www.karate-stade.de\/?page_id=257\",\"url\":\"https:\/\/www.karate-stade.de\/?page_id=257\",\"name\":\"Budoschule - Karateschule Agathenburg Stade\",\"isPartOf\":{\"@id\":\"https:\/\/www.karate-stade.de\/#website\"},\"primaryImageOfPage\":{\"@id\":\"https:\/\/www.karate-stade.de\/?page_id=257#primaryimage\"},\"image\":{\"@id\":\"https:\/\/www.karate-stade.de\/?page_id=257#primaryimage\"},\"thumbnailUrl\":\"https:\/\/www.karate-stade.de\/wp-content\/uploads\/2025\/01\/IMG-20230412-WA0000-225x300.jpg\",\"datePublished\":\"2025-01-13T02:02:53+00:00\",\"dateModified\":\"2025-01-25T02:20:42+00:00\",\"description\":\"Die Karateschule Agathenburg Stade ist als Verein \u201eSeishin Shintai Kyokai Kampfkunstdojo Stade e.V.\u201c unter VR 685 im Vereinsregister des Amtsgerichts Tostedt eingetragen. Die Satzung wurde am 12.10.2002 errichtet. Zweck des Vereins ist die Organisation, Entwicklung, F\u00f6rderung, Verbreitung, Qualit\u00e4tssicherung, Konzeptionisierung, sowie eine nationale und internationale Vernetzung des Budo und Seishin Shintai Ryu Ai Do in Deutschland.\",\"breadcrumb\":{\"@id\":\"https:\/\/www.karate-stade.de\/?page_id=257#breadcrumb\"},\"inLanguage\":\"de\",\"potentialAction\":[{\"@type\":\"ReadAction\",\"target\":[\"https:\/\/www.karate-stade.de\/?page_id=257\"]}]},{\"@type\":\"ImageObject\",\"inLanguage\":\"de\",\"@id\":\"https:\/\/www.karate-stade.de\/?page_id=257#primaryimage\",\"url\":\"https:\/\/www.karate-stade.de\/wp-content\/uploads\/2025\/01\/IMG-20230412-WA0000.jpg\",\"contentUrl\":\"https:\/\/www.karate-stade.de\/wp-content\/uploads\/2025\/01\/IMG-20230412-WA0000.jpg\",\"width\":1200,\"height\":1600},{\"@type\":\"BreadcrumbList\",\"@id\":\"https:\/\/www.karate-stade.de\/?page_id=257#breadcrumb\",\"itemListElement\":[{\"@type\":\"ListItem\",\"position\":1,\"name\":\"Startseite\",\"item\":\"https:\/\/www.karate-stade.de\/\"},{\"@type\":\"ListItem\",\"position\":2,\"name\":\"Budoschule\"}]},{\"@type\":\"WebSite\",\"@id\":\"https:\/\/www.karate-stade.de\/#website\",\"url\":\"https:\/\/www.karate-stade.de\/\",\"name\":\"Karateschule Agathenburg Stade\",\"description\":\"Seit \u00fcber 23 Jahren international erfolgreich aktiv\",\"publisher\":{\"@id\":\"https:\/\/www.karate-stade.de\/#organization\"},\"potentialAction\":[{\"@type\":\"SearchAction\",\"target\":{\"@type\":\"EntryPoint\",\"urlTemplate\":\"https:\/\/www.karate-stade.de\/?s={search_term_string}\"},\"query-input\":{\"@type\":\"PropertyValueSpecification\",\"valueRequired\":true,\"valueName\":\"search_term_string\"}}],\"inLanguage\":\"de\"},{\"@type\":\"Organization\",\"@id\":\"https:\/\/www.karate-stade.de\/#organization\",\"name\":\"Karateschule Agathenburg Stade\",\"url\":\"https:\/\/www.karate-stade.de\/\",\"logo\":{\"@type\":\"ImageObject\",\"inLanguage\":\"de\",\"@id\":\"https:\/\/www.karate-stade.de\/#\/schema\/logo\/image\/\",\"url\":\"https:\/\/www.karate-stade.de\/wp-content\/uploads\/2025\/01\/IMG-20230412-WA0000.jpg\",\"contentUrl\":\"https:\/\/www.karate-stade.de\/wp-content\/uploads\/2025\/01\/IMG-20230412-WA0000.jpg\",\"width\":1200,\"height\":1600,\"caption\":\"Karateschule Agathenburg Stade\"},\"image\":{\"@id\":\"https:\/\/www.karate-stade.de\/#\/schema\/logo\/image\/\"}}]}<\/script>\n<!-- \/ Yoast SEO plugin. -->","yoast_head_json":{"title":"Budoschule - Karateschule Agathenburg Stade","description":"Die Karateschule Agathenburg Stade ist als Verein \u201eSeishin Shintai Kyokai Kampfkunstdojo Stade e.V.\u201c unter VR 685 im Vereinsregister des Amtsgerichts Tostedt eingetragen. Die Satzung wurde am 12.10.2002 errichtet. Zweck des Vereins ist die Organisation, Entwicklung, F\u00f6rderung, Verbreitung, Qualit\u00e4tssicherung, Konzeptionisierung, sowie eine nationale und internationale Vernetzung des Budo und Seishin Shintai Ryu Ai Do in Deutschland.","robots":{"index":"index","follow":"follow","max-snippet":"max-snippet:-1","max-image-preview":"max-image-preview:large","max-video-preview":"max-video-preview:-1"},"canonical":"https:\/\/www.karate-stade.de\/?page_id=257","og_locale":"de_DE","og_type":"article","og_title":"Budoschule - Karateschule Agathenburg Stade","og_description":"Die Karateschule Agathenburg Stade ist als Verein \u201eSeishin Shintai Kyokai Kampfkunstdojo Stade e.V.\u201c unter VR 685 im Vereinsregister des Amtsgerichts Tostedt eingetragen. Die Satzung wurde am 12.10.2002 errichtet. Zweck des Vereins ist die Organisation, Entwicklung, F\u00f6rderung, Verbreitung, Qualit\u00e4tssicherung, Konzeptionisierung, sowie eine nationale und internationale Vernetzung des Budo und Seishin Shintai Ryu Ai Do in Deutschland.","og_url":"https:\/\/www.karate-stade.de\/?page_id=257","og_site_name":"Karateschule Agathenburg Stade","article_modified_time":"2025-01-25T02:20:42+00:00","og_image":[{"url":"https:\/\/www.karate-stade.de\/wp-content\/uploads\/2025\/01\/IMG-20230412-WA0000-225x300.jpg","type":"","width":"","height":""}],"twitter_card":"summary_large_image","twitter_misc":{"Gesch\u00e4tzte Lesezeit":"2\u00a0Minuten"},"schema":{"@context":"https:\/\/schema.org","@graph":[{"@type":"WebPage","@id":"https:\/\/www.karate-stade.de\/?page_id=257","url":"https:\/\/www.karate-stade.de\/?page_id=257","name":"Budoschule - Karateschule Agathenburg Stade","isPartOf":{"@id":"https:\/\/www.karate-stade.de\/#website"},"primaryImageOfPage":{"@id":"https:\/\/www.karate-stade.de\/?page_id=257#primaryimage"},"image":{"@id":"https:\/\/www.karate-stade.de\/?page_id=257#primaryimage"},"thumbnailUrl":"https:\/\/www.karate-stade.de\/wp-content\/uploads\/2025\/01\/IMG-20230412-WA0000-225x300.jpg","datePublished":"2025-01-13T02:02:53+00:00","dateModified":"2025-01-25T02:20:42+00:00","description":"Die Karateschule Agathenburg Stade ist als Verein \u201eSeishin Shintai Kyokai Kampfkunstdojo Stade e.V.\u201c unter VR 685 im Vereinsregister des Amtsgerichts Tostedt eingetragen. Die Satzung wurde am 12.10.2002 errichtet. Zweck des Vereins ist die Organisation, Entwicklung, F\u00f6rderung, Verbreitung, Qualit\u00e4tssicherung, Konzeptionisierung, sowie eine nationale und internationale Vernetzung des Budo und Seishin Shintai Ryu Ai Do in Deutschland.","breadcrumb":{"@id":"https:\/\/www.karate-stade.de\/?page_id=257#breadcrumb"},"inLanguage":"de","potentialAction":[{"@type":"ReadAction","target":["https:\/\/www.karate-stade.de\/?page_id=257"]}]},{"@type":"ImageObject","inLanguage":"de","@id":"https:\/\/www.karate-stade.de\/?page_id=257#primaryimage","url":"https:\/\/www.karate-stade.de\/wp-content\/uploads\/2025\/01\/IMG-20230412-WA0000.jpg","contentUrl":"https:\/\/www.karate-stade.de\/wp-content\/uploads\/2025\/01\/IMG-20230412-WA0000.jpg","width":1200,"height":1600},{"@type":"BreadcrumbList","@id":"https:\/\/www.karate-stade.de\/?page_id=257#breadcrumb","itemListElement":[{"@type":"ListItem","position":1,"name":"Startseite","item":"https:\/\/www.karate-stade.de\/"},{"@type":"ListItem","position":2,"name":"Budoschule"}]},{"@type":"WebSite","@id":"https:\/\/www.karate-stade.de\/#website","url":"https:\/\/www.karate-stade.de\/","name":"Karateschule Agathenburg Stade","description":"Seit \u00fcber 23 Jahren international erfolgreich aktiv","publisher":{"@id":"https:\/\/www.karate-stade.de\/#organization"},"potentialAction":[{"@type":"SearchAction","target":{"@type":"EntryPoint","urlTemplate":"https:\/\/www.karate-stade.de\/?s={search_term_string}"},"query-input":{"@type":"PropertyValueSpecification","valueRequired":true,"valueName":"search_term_string"}}],"inLanguage":"de"},{"@type":"Organization","@id":"https:\/\/www.karate-stade.de\/#organization","name":"Karateschule Agathenburg Stade","url":"https:\/\/www.karate-stade.de\/","logo":{"@type":"ImageObject","inLanguage":"de","@id":"https:\/\/www.karate-stade.de\/#\/schema\/logo\/image\/","url":"https:\/\/www.karate-stade.de\/wp-content\/uploads\/2025\/01\/IMG-20230412-WA0000.jpg","contentUrl":"https:\/\/www.karate-stade.de\/wp-content\/uploads\/2025\/01\/IMG-20230412-WA0000.jpg","width":1200,"height":1600,"caption":"Karateschule Agathenburg Stade"},"image":{"@id":"https:\/\/www.karate-stade.de\/#\/schema\/logo\/image\/"}}]}},"_links":{"self":[{"href":"https:\/\/www.karate-stade.de\/index.php?rest_route=\/wp\/v2\/pages\/257","targetHints":{"allow":["GET"]}}],"collection":[{"href":"https:\/\/www.karate-stade.de\/index.php?rest_route=\/wp\/v2\/pages"}],"about":[{"href":"https:\/\/www.karate-stade.de\/index.php?rest_route=\/wp\/v2\/types\/page"}],"author":[{"embeddable":true,"href":"https:\/\/www.karate-stade.de\/index.php?rest_route=\/wp\/v2\/users\/1"}],"replies":[{"embeddable":true,"href":"https:\/\/www.karate-stade.de\/index.php?rest_route=%2Fwp%2Fv2%2Fcomments&post=257"}],"version-history":[{"count":13,"href":"https:\/\/www.karate-stade.de\/index.php?rest_route=\/wp\/v2\/pages\/257\/revisions"}],"predecessor-version":[{"id":1018,"href":"https:\/\/www.karate-stade.de\/index.php?rest_route=\/wp\/v2\/pages\/257\/revisions\/1018"}],"wp:attachment":[{"href":"https:\/\/www.karate-stade.de\/index.php?rest_route=%2Fwp%2Fv2%2Fmedia&parent=257"}],"curies":[{"name":"wp","href":"https:\/\/api.w.org\/{rel}","templated":true}]}}